{"id":26,"date":"2021-09-21T22:06:18","date_gmt":"2021-09-21T20:06:18","guid":{"rendered":"http:\/\/localhost\/?page_id=26"},"modified":"2021-12-21T14:04:32","modified_gmt":"2021-12-21T13:04:32","slug":"faq","status":"publish","type":"page","link":"https:\/\/sienna14.pl\/index.php\/faq\/","title":{"rendered":"FAQ"},"content":{"rendered":"<p>[et_pb_section fb_built=&#8221;1&#8243; _builder_version=&#8221;4.14.2&#8243; _module_preset=&#8221;default&#8221; custom_padding=&#8221;80px||||false|false&#8221; hover_enabled=&#8221;0&#8243; global_colors_info=&#8221;{}&#8221; sticky_enabled=&#8221;0&#8243;][et_pb_row _builder_version=&#8221;4.10.7&#8243; _module_preset=&#8221;default&#8221; global_colors_info=&#8221;{}&#8221;][et_pb_column type=&#8221;4_4&#8243; _builder_version=&#8221;4.10.7&#8243; _module_preset=&#8221;default&#8221; global_colors_info=&#8221;{}&#8221;][et_pb_toggle title=&#8221;Kiedy nale\u017cy zacz\u0105\u0107 wybiera\u0107 sukni\u0119 \u015blubn\u0105?&#8221; _builder_version=&#8221;4.10.7&#8243; _module_preset=&#8221;default&#8221; global_colors_info=&#8221;{}&#8221;]<\/p>\n<p><span>Poszukiwania sukni \u015blubnej nale\u017cy rozpocz\u0105\u0107 na 7-8 msc przed data \u015blubu.<\/span><\/p>\n<p>[\/et_pb_toggle][et_pb_toggle title=&#8221;Jaki rodzaj bielizny zabra\u0107 ze sob\u0105?&#8221; _builder_version=&#8221;4.10.7&#8243; _module_preset=&#8221;default&#8221; global_colors_info=&#8221;{}&#8221;]<\/p>\n<p><span>Na przymiark\u0119 prosimy zabra\u0107 ze sob\u0105 bielizn\u0119 w kolorze cielistym. Sugerujemy, aby by\u0142a g\u0142adka, bez koronki i zdobie\u0144.<\/span><\/p>\n<p>[\/et_pb_toggle][et_pb_toggle title=&#8221;Ile os\u00f3b mo\u017ce uczestniczy\u0107 w przymiarkach?&#8221; _builder_version=&#8221;4.10.7&#8243; _module_preset=&#8221;default&#8221; global_colors_info=&#8221;{}&#8221;]<\/p>\n<p><span>Ze wzgl\u0119du na komfort prowadzenia przymiarki, na spotkanie prosimy przychodzi\u0107 z 2-3 osobami towarzysz\u0105cymi.<\/span><\/p>\n<p>[\/et_pb_toggle][et_pb_toggle title=&#8221;Czy macie w ofercie suknie wieczorowe?&#8221; _builder_version=&#8221;4.10.7&#8243; _module_preset=&#8221;default&#8221; global_colors_info=&#8221;{}&#8221;]<\/p>\n<p><span>W naszej ofercie dost\u0119pna jest kolekcja wieczorowa.<\/span><\/p>\n<p>[\/et_pb_toggle][et_pb_toggle title=&#8221;Czy mo\u017cna wypo\u017cyczy\u0107 sukni\u0119?&#8221; _builder_version=&#8221;4.10.7&#8243; _module_preset=&#8221;default&#8221; global_colors_info=&#8221;{}&#8221;]<\/p>\n<p><span>Nie prowadzimy us\u0142ugi wypo\u017cyczania sukien.<\/span><\/p>\n<p>[\/et_pb_toggle][et_pb_toggle title=&#8221;Czy na przymiarki nale\u017cy si\u0119 umawia\u0107?&#8221; _builder_version=&#8221;4.10.7&#8243; _module_preset=&#8221;default&#8221; global_colors_info=&#8221;{}&#8221;]<\/p>\n<p><span>Wizyta w naszym Domu Mody \u015alubnej odbywa si\u0119 po wcze\u015bniejszej rezerwacji terminu, poprzez zak\u0142adk\u0119 UM\u00d3W SPOTKANIE.<\/span><\/p>\n<p>[\/et_pb_toggle][et_pb_toggle title=&#8221;Czy wizyta jest p\u0142atna?&#8221; _builder_version=&#8221;4.10.7&#8243; _module_preset=&#8221;default&#8221; global_colors_info=&#8221;{}&#8221;]<\/p>\n<p><span>Wizyta jest odp\u0142atna.<\/span><\/p>\n<p>[\/et_pb_toggle][et_pb_toggle title=&#8221;Czy mo\u017cna w salonie mo\u017cna kupi\u0107 dodatki do sukni?&#8221; _builder_version=&#8221;4.10.7&#8243; _module_preset=&#8221;default&#8221; global_colors_info=&#8221;{}&#8221;]<\/p>\n<p><span>W swojej ofercie posiadamy szeroki wyb\u00f3r dodatk\u00f3w min. bi\u017cuteri\u0119, welony, ozdoby do w\u0142os\u00f3w, okrycia wierzchnie.<\/span><\/p>\n<p>[\/et_pb_toggle][et_pb_toggle title=&#8221;Czy mo\u017cna w salonie mo\u017cna kupi\u0107 dodatki do sukni?&#8221; _builder_version=&#8221;4.10.7&#8243; _module_preset=&#8221;default&#8221; global_colors_info=&#8221;{}&#8221;]<\/p>\n<p><span>W swojej ofercie posiadamy szeroki wyb\u00f3r dodatk\u00f3w min. bi\u017cuteri\u0119, welony, ozdoby do w\u0142os\u00f3w, okrycia wierzchnie.<\/span><\/p>\n<p>[\/et_pb_toggle][et_pb_toggle title=&#8221;Czy w salonie mo\u017cna p\u0142aci\u0107 kart\u0105?&#8221; _builder_version=&#8221;4.10.7&#8243; _module_preset=&#8221;default&#8221; global_colors_info=&#8221;{}&#8221;]<\/p>\n<p><span>W salonie mo\u017cna dokona\u0107 p\u0142atno\u015bci got\u00f3wk\u0105, kart\u0105 oraz przelewem.<\/span><\/p>\n<p>[\/et_pb_toggle][et_pb_toggle title=&#8221;Czy mo\u017cna kupi\u0107 gotowa sukni\u0119?&#8221; _builder_version=&#8221;4.10.7&#8243; _module_preset=&#8221;default&#8221; global_colors_info=&#8221;{}&#8221;]<\/p>\n<p>Istnieje mo\u017cliwo\u015b\u0107 zakupu modeli z ekspozycji ze starszych kolekcji.\u00a0<\/p>\n<div class=\"yj6qo\"><\/div>\n<div class=\"adL\"><\/div>\n<p>[\/et_pb_toggle][\/et_pb_column][\/et_pb_row][\/et_pb_section]<\/p>\n","protected":false},"excerpt":{"rendered":"<p>Poszukiwania sukni \u015blubnej nale\u017cy rozpocz\u0105\u0107 na 7-8 msc przed data \u015blubu.Na przymiark\u0119 prosimy zabra\u0107 ze sob\u0105 bielizn\u0119 w kolorze cielistym. Sugerujemy, aby by\u0142a g\u0142adka, bez koronki i zdobie\u0144.Ze wzgl\u0119du na komfort prowadzenia przymiarki, na spotkanie prosimy przychodzi\u0107 z 2-3 osobami towarzysz\u0105cymi.W naszej ofercie dost\u0119pna jest kolekcja wieczorowa.Nie prowadzimy us\u0142ugi wypo\u017cyczania sukien.Wizyta w naszym Domu Mody [&hellip;]<\/p>\n","protected":false},"author":1,"featured_media":0,"parent":0,"menu_order":0,"comment_status":"closed","ping_status":"closed","template":"","meta":{"_et_pb_use_builder":"on","_et_pb_old_content":"<!-- wp:divi\/placeholder \/-->","_et_gb_content_width":""},"acf":[],"yoast_head":"<!-- This site is optimized with the Yoast SEO plugin v20.6 - https:\/\/yoast.com\/wordpress\/plugins\/seo\/ -->\n<title>FAQ - SIENNA Dom Mody \u015alubnej<\/title>\n<meta name=\"robots\" content=\"index, follow, max-snippet:-1, max-image-preview:large, max-video-preview:-1\" \/>\n<link rel=\"canonical\" href=\"https:\/\/sienna14.pl\/index.php\/faq\/\" \/>\n<meta property=\"og:locale\" content=\"pl_PL\" \/>\n<meta property=\"og:type\" content=\"article\" \/>\n<meta property=\"og:title\" content=\"FAQ - SIENNA Dom Mody \u015alubnej\" \/>\n<meta property=\"og:description\" content=\"Poszukiwania sukni \u015blubnej nale\u017cy rozpocz\u0105\u0107 na 7-8 msc przed data \u015blubu.Na przymiark\u0119 prosimy zabra\u0107 ze sob\u0105 bielizn\u0119 w kolorze cielistym. Sugerujemy, aby by\u0142a g\u0142adka, bez koronki i zdobie\u0144.Ze wzgl\u0119du na komfort prowadzenia przymiarki, na spotkanie prosimy przychodzi\u0107 z 2-3 osobami towarzysz\u0105cymi.W naszej ofercie dost\u0119pna jest kolekcja wieczorowa.Nie prowadzimy us\u0142ugi wypo\u017cyczania sukien.Wizyta w naszym Domu Mody [&hellip;]\" \/>\n<meta property=\"og:url\" content=\"https:\/\/sienna14.pl\/index.php\/faq\/\" \/>\n<meta property=\"og:site_name\" content=\"SIENNA Dom Mody \u015alubnej\" \/>\n<meta property=\"article:modified_time\" content=\"2021-12-21T13:04:32+00:00\" \/>\n<meta name=\"twitter:card\" content=\"summary_large_image\" \/>\n<meta name=\"twitter:label1\" content=\"Szacowany czas czytania\" \/>\n\t<meta name=\"twitter:data1\" content=\"2 minuty\" \/>\n<script type=\"application\/ld+json\" class=\"yoast-schema-graph\">{\"@context\":\"https:\/\/schema.org\",\"@graph\":[{\"@type\":\"WebPage\",\"@id\":\"https:\/\/sienna14.pl\/index.php\/faq\/\",\"url\":\"https:\/\/sienna14.pl\/index.php\/faq\/\",\"name\":\"FAQ - SIENNA Dom Mody \u015alubnej\",\"isPartOf\":{\"@id\":\"https:\/\/sienna14.pl\/#website\"},\"datePublished\":\"2021-09-21T20:06:18+00:00\",\"dateModified\":\"2021-12-21T13:04:32+00:00\",\"breadcrumb\":{\"@id\":\"https:\/\/sienna14.pl\/index.php\/faq\/#breadcrumb\"},\"inLanguage\":\"pl-PL\",\"potentialAction\":[{\"@type\":\"ReadAction\",\"target\":[\"https:\/\/sienna14.pl\/index.php\/faq\/\"]}]},{\"@type\":\"BreadcrumbList\",\"@id\":\"https:\/\/sienna14.pl\/index.php\/faq\/#breadcrumb\",\"itemListElement\":[{\"@type\":\"ListItem\",\"position\":1,\"name\":\"Strona g\u0142\u00f3wna\",\"item\":\"https:\/\/sienna14.pl\/\"},{\"@type\":\"ListItem\",\"position\":2,\"name\":\"FAQ\"}]},{\"@type\":\"WebSite\",\"@id\":\"https:\/\/sienna14.pl\/#website\",\"url\":\"https:\/\/sienna14.pl\/\",\"name\":\"SIENNA Dom Mody \u015alubnej\",\"description\":\"Dom Mody \u015alubnej\",\"potentialAction\":[{\"@type\":\"SearchAction\",\"target\":{\"@type\":\"EntryPoint\",\"urlTemplate\":\"https:\/\/sienna14.pl\/?s={search_term_string}\"},\"query-input\":\"required name=search_term_string\"}],\"inLanguage\":\"pl-PL\"}]}<\/script>\n<!-- \/ Yoast SEO plugin. -->","yoast_head_json":{"title":"FAQ - SIENNA Dom Mody \u015alubnej","robots":{"index":"index","follow":"follow","max-snippet":"max-snippet:-1","max-image-preview":"max-image-preview:large","max-video-preview":"max-video-preview:-1"},"canonical":"https:\/\/sienna14.pl\/index.php\/faq\/","og_locale":"pl_PL","og_type":"article","og_title":"FAQ - SIENNA Dom Mody \u015alubnej","og_description":"Poszukiwania sukni \u015blubnej nale\u017cy rozpocz\u0105\u0107 na 7-8 msc przed data \u015blubu.Na przymiark\u0119 prosimy zabra\u0107 ze sob\u0105 bielizn\u0119 w kolorze cielistym. Sugerujemy, aby by\u0142a g\u0142adka, bez koronki i zdobie\u0144.Ze wzgl\u0119du na komfort prowadzenia przymiarki, na spotkanie prosimy przychodzi\u0107 z 2-3 osobami towarzysz\u0105cymi.W naszej ofercie dost\u0119pna jest kolekcja wieczorowa.Nie prowadzimy us\u0142ugi wypo\u017cyczania sukien.Wizyta w naszym Domu Mody [&hellip;]","og_url":"https:\/\/sienna14.pl\/index.php\/faq\/","og_site_name":"SIENNA Dom Mody \u015alubnej","article_modified_time":"2021-12-21T13:04:32+00:00","twitter_card":"summary_large_image","twitter_misc":{"Szacowany czas czytania":"2 minuty"},"schema":{"@context":"https:\/\/schema.org","@graph":[{"@type":"WebPage","@id":"https:\/\/sienna14.pl\/index.php\/faq\/","url":"https:\/\/sienna14.pl\/index.php\/faq\/","name":"FAQ - SIENNA Dom Mody \u015alubnej","isPartOf":{"@id":"https:\/\/sienna14.pl\/#website"},"datePublished":"2021-09-21T20:06:18+00:00","dateModified":"2021-12-21T13:04:32+00:00","breadcrumb":{"@id":"https:\/\/sienna14.pl\/index.php\/faq\/#breadcrumb"},"inLanguage":"pl-PL","potentialAction":[{"@type":"ReadAction","target":["https:\/\/sienna14.pl\/index.php\/faq\/"]}]},{"@type":"BreadcrumbList","@id":"https:\/\/sienna14.pl\/index.php\/faq\/#breadcrumb","itemListElement":[{"@type":"ListItem","position":1,"name":"Strona g\u0142\u00f3wna","item":"https:\/\/sienna14.pl\/"},{"@type":"ListItem","position":2,"name":"FAQ"}]},{"@type":"WebSite","@id":"https:\/\/sienna14.pl\/#website","url":"https:\/\/sienna14.pl\/","name":"SIENNA Dom Mody \u015alubnej","description":"Dom Mody \u015alubnej","potentialAction":[{"@type":"SearchAction","target":{"@type":"EntryPoint","urlTemplate":"https:\/\/sienna14.pl\/?s={search_term_string}"},"query-input":"required name=search_term_string"}],"inLanguage":"pl-PL"}]}},"_links":{"self":[{"href":"https:\/\/sienna14.pl\/index.php\/wp-json\/wp\/v2\/pages\/26"}],"collection":[{"href":"https:\/\/sienna14.pl\/index.php\/wp-json\/wp\/v2\/pages"}],"about":[{"href":"https:\/\/sienna14.pl\/index.php\/wp-json\/wp\/v2\/types\/page"}],"author":[{"embeddable":true,"href":"https:\/\/sienna14.pl\/index.php\/wp-json\/wp\/v2\/users\/1"}],"replies":[{"embeddable":true,"href":"https:\/\/sienna14.pl\/index.php\/wp-json\/wp\/v2\/comments?post=26"}],"version-history":[{"count":7,"href":"https:\/\/sienna14.pl\/index.php\/wp-json\/wp\/v2\/pages\/26\/revisions"}],"predecessor-version":[{"id":1314,"href":"https:\/\/sienna14.pl\/index.php\/wp-json\/wp\/v2\/pages\/26\/revisions\/1314"}],"wp:attachment":[{"href":"https:\/\/sienna14.pl\/index.php\/wp-json\/wp\/v2\/media?parent=26"}],"curies":[{"name":"wp","href":"https:\/\/api.w.org\/{rel}","templated":true}]}}