{"id":547,"date":"2021-10-27T12:29:58","date_gmt":"2021-10-27T10:29:58","guid":{"rendered":"http:\/\/sienna.local\/?page_id=547"},"modified":"2022-02-15T09:07:55","modified_gmt":"2022-02-15T08:07:55","slug":"polityka-prywatnosci","status":"publish","type":"page","link":"https:\/\/sienna14.pl\/index.php\/polityka-prywatnosci\/","title":{"rendered":"Polityka Prywatno\u015bci"},"content":{"rendered":"<p>[et_pb_section fb_built=&#8221;1&#8243; _builder_version=&#8221;4.14.2&#8243; _module_preset=&#8221;default&#8221; custom_padding=&#8221;80px||||false|false&#8221; global_colors_info=&#8221;{}&#8221;][et_pb_row _builder_version=&#8221;4.10.7&#8243; _module_preset=&#8221;default&#8221; global_colors_info=&#8221;{}&#8221;][et_pb_column type=&#8221;4_4&#8243; _builder_version=&#8221;4.10.7&#8243; _module_preset=&#8221;default&#8221; global_colors_info=&#8221;{}&#8221;][et_pb_text _builder_version=&#8221;4.10.7&#8243; _module_preset=&#8221;default&#8221; text_font_size=&#8221;20px&#8221; text_line_height=&#8221;1.9em&#8221; link_text_color=&#8221;#C8AD9E&#8221; global_colors_info=&#8221;{}&#8221;]<\/p>\n<p><strong>Polityka wykorzystania plik\u00f3w cookies<\/strong><\/p>\n<p>Co to s\u0105 pliki cookies?<\/p>\n<p>Pliki cookies (tzw. &#8220;ciasteczka&#8221;) stanowi\u0105 dane informatyczne, w szczeg\u00f3lno\u015bci pliki tekstowe, kt\u00f3re przechowywane s\u0105 w urz\u0105dzeniu ko\u0144cowym U\u017cytkownika Serwisu i przeznaczone s\u0105 do korzystania ze stron internetowych Serwisu. Cookies zazwyczaj zawieraj\u0105 nazw\u0119 strony internetowej, z kt\u00f3rej pochodz\u0105, czas przechowywania ich na urz\u0105dzeniu ko\u0144cowym oraz unikalny numer.<\/p>\n<p>Cele przechowywania i dost\u0119pu do informacji zawartych w plikach cookies<\/p>\n<p>Serwis nie u\u017cywa plik\u00f3w cookies do gromadzenia danych osobowych U\u017cytkownik\u00f3w. Informacje te s\u0142u\u017c\u0105 jedynie do cel\u00f3w statystycznych oraz polepszenia u\u017cyteczno\u015bci witryny, tworzenia statystyk, kt\u00f3re pomagaj\u0105 zrozumie\u0107, w jaki spos\u00f3b U\u017cytkownicy Serwisu korzystaj\u0105 ze stron internetowych, co umo\u017cliwia ulepszanie ich struktury i zawarto\u015bci.<\/p>\n<p>W Serwisie zapisywane s\u0105 cookies dla:<\/p>\n<ol>\n<li>zbierania og\u00f3lnych i anonimowych danych statycznych za po\u015brednictwem narz\u0119dzi analitycznych: Google Analytics [administrator cookies: Google Inc z siedzib\u0105 w USA]<\/li>\n<li>prezentowania tre\u015bci multimedialnych na stronach internetowych Serwisu, kt\u00f3re s\u0105 pobierane z zewn\u0119trznego serwisu internetowego: www.youtube.com [administrator cookies: Google Inc z siedzib\u0105 w USA]<\/li>\n<\/ol>\n<p>Zgoda na wykorzystywanie plik\u00f3w cookies<\/p>\n<p>Mo\u017cna wyrazi\u0107 zgod\u0119 (lub jej brak) na zapis plik\u00f3w cookies poprzez zmian\u0119 ustawienia przegl\u0105darki internetowej. Przegl\u0105darka internetowa umo\u017cliwia usuni\u0119cie plik\u00f3w cookies. Opis sposobu zmiany ustawie\u0144 dotycz\u0105cych plik\u00f3w cookies jest dost\u0119pny w menu &#8220;Pomoc&#8221; przegl\u0105darki internetowej.<\/p>\n<p>&nbsp;<\/p>\n<p><strong>Klauzula informacyjna o\u00a0przetwarzaniu danych osobowych<\/strong><\/p>\n<p>W zwi\u0105zku z realizacj\u0105 wymog\u00f3w Rozporz\u0105dzenia Parlamentu Europejskiego i Rady (UE) 2016\/679 z dnia 27 kwietnia 2016 r. w sprawie ochrony os\u00f3b fizycznych w zwi\u0105zku z przetwarzaniem danych osobowych i w sprawie swobodnego przep\u0142ywu takich danych oraz uchylenia dyrektywy 95\/46\/WE (og\u00f3lne rozporz\u0105dzenie o ochronie danych \u201eRODO\u201d), informujemy o zasadach przetwarzania Pani\/Pana danych osobowych oraz o przys\u0142uguj\u0105cych Pani\/Panu prawach z tym zwi\u0105zanych.<\/p>\n<ol>\n<li>Administratorem Pani\/Pana danych osobowych jest Sienna App Sp. z o.o. z siedzib\u0105 w Krakowie, ul. Sienna 14\/11, 31-041 Krak\u00f3w, wpisan\u0105 do Rejestru Przedsi\u0119biorc\u00f3w w Sa\u0328dzie Rejonowym dla Krakowa-\u015ar\u00f3dmies\u0301cia w Krakowie, XI Wydzia\u0142 Gospodarczy Krajowego Rejestru Sa\u0328dowego pod numerem KRS: 0000533479, numer NIP: 6762483632, numer REGON: 360226478,<\/li>\n<li>Kontakt w sprawie Ochrony Danych Osobowych: <a href=\"mailto:biuro@sienna14.pl\">biuro@sienna14.pl<\/a>.<\/li>\n<li>Administrator przetwarza Pani\/Pana dane osobowe na podstawie obowi\u0105zuj\u0105cych przepis\u00f3w prawa, zawartych um\u00f3w oraz na podstawie udzielonej zgody.<\/li>\n<li>Pani\/Pana dane osobowe przetwarzane s\u0105 w celu\/celach:\n<ul>\n<li>6 pkt.1 a) osoba, kt\u00f3rej dane dotycz\u0105 wyrazi\u0142a zgod\u0119 na przetwarzanie swoich danych osobowych w jednym lub wi\u0119kszej liczbie okre\u015blonych cel\u00f3w;<\/li>\n<li>6 pkt.1 b) przetwarzanie jest niezb\u0119dne do wykonania umowy, kt\u00f3rej stron\u0105 jest osoba, kt\u00f3rej dane dotycz\u0105;<\/li>\n<li>6 pkt.1 c) przetwarzanie jest niezb\u0119dne do wype\u0142nienia obowi\u0105zku prawnego ci\u0105\u017c\u0105cego na administratorze;<\/li>\n<\/ul>\n<\/li>\n<li>W zwi\u0105zku z przetwarzaniem danych w celach o kt\u00f3rych mowa w pkt 4 odbiorcami Pani\/Pana danych osobowych mog\u0105 by\u0107 organy w\u0142adzy publicznej oraz podmioty wykonuj\u0105ce zadania publiczne lub dzia\u0142aj\u0105ce na zlecenie organ\u00f3w w\u0142adzy publicznej lub inne podmioty, kt\u00f3re na podstawie stosownych um\u00f3w powierzenia przetwarzaj\u0105 dane osobowe w zbiorach Administratora.<\/li>\n<li>Pani\/Pana dane osobowe b\u0119d\u0105 przechowywane przez okres niezb\u0119dny do realizacji cel\u00f3w okre\u015blonych w pkt 4, a po tym czasie przez okres oraz w zakresie wymaganym przez przepisy powszechnie obowi\u0105zuj\u0105cego prawa.<\/li>\n<li>W zwi\u0105zku z przetwarzaniem Pani\/Pana danych osobowych przys\u0142uguj\u0105 Pani\/Panu nast\u0119puj\u0105ce uprawnienia: prawo dost\u0119pu do danych osobowych, prawo udost\u0119pnienia danych, prawo do poprawiania danych \u2013 w przypadku gdy dane s\u0105 nieprawid\u0142owe lub niekompletne, prawo do \u017c\u0105dania usuni\u0119cia danych osobowych (tzw. prawo do bycia zapomnianym), prawo do \u017c\u0105dania ograniczenia przetwarzania, prawo sprzeciwu wobec przetwarzania danych.<\/li>\n<li>W przypadku gdy przetwarzanie danych osobowych odbywa si\u0119 na podstawie zgody osoby na przetwarzanie danych osobowych (art. 6 ust. 1 lit a RODO), przys\u0142uguje Pani\/Panu prawo do cofni\u0119cia tej zgody w dowolnym momencie. Cofni\u0119cie to nie ma wp\u0142ywu na zgodno\u015b\u0107 przetwarzania, kt\u00f3rego dokonano na podstawie zgody przed jej cofni\u0119ciem, z obowi\u0105zuj\u0105cym prawem.<\/li>\n<li>W przypadku powzi\u0119cia informacji o niezgodnym z prawem przetwarzaniu Pani\/Pana danych osobowych, przys\u0142uguje Pani\/Panu prawo wniesienia skargi do organu nadzorczego w\u0142a\u015bciwego w sprawach ochrony danych osobowych.<\/li>\n<li>W sytuacji, gdy przetwarzanie danych osobowych odbywa si\u0119 na podstawie zgody osoby, kt\u00f3rej dane dotycz\u0105, podanie przez Pani\u0105\/Pana danych osobowych Administratorowi ma charakter dobrowolny.<\/li>\n<li>Podanie przez Pani\u0105\/Pana danych osobowych jest obowi\u0105zkowe, w sytuacji gdy przes\u0142ank\u0119 przetwarzania danych osobowych stanowi przepis prawa lub zawarta mi\u0119dzy stronami umowa.<\/li>\n<li>Pani\/Pana dane mog\u0105 by\u0107 przetwarzane w spos\u00f3b zautomatyzowany i nie b\u0119d\u0105 profilowane.<\/li>\n<li>Pani\/Pana dane osobowe nie b\u0119d\u0105 przekazywane do pa\u0144stwa trzeciego\/organizacji mi\u0119dzynarodowej.<\/li>\n<\/ol>\n<p>&nbsp;<\/p>\n<p>&nbsp;<\/p>\n<p>[\/et_pb_text][\/et_pb_column][\/et_pb_row][\/et_pb_section]<\/p>\n","protected":false},"excerpt":{"rendered":"<p>Polityka wykorzystania plik\u00f3w cookies Co to s\u0105 pliki cookies? Pliki cookies (tzw. &#8220;ciasteczka&#8221;) stanowi\u0105 dane informatyczne, w szczeg\u00f3lno\u015bci pliki tekstowe, kt\u00f3re przechowywane s\u0105 w urz\u0105dzeniu ko\u0144cowym U\u017cytkownika Serwisu i przeznaczone s\u0105 do korzystania ze stron internetowych Serwisu. Cookies zazwyczaj zawieraj\u0105 nazw\u0119 strony internetowej, z kt\u00f3rej pochodz\u0105, czas przechowywania ich na urz\u0105dzeniu ko\u0144cowym oraz unikalny numer. [&hellip;]<\/p>\n","protected":false},"author":1,"featured_media":0,"parent":0,"menu_order":0,"comment_status":"closed","ping_status":"closed","template":"","meta":{"_et_pb_use_builder":"on","_et_pb_old_content":"","_et_gb_content_width":""},"acf":[],"yoast_head":"<!-- This site is optimized with the Yoast SEO plugin v20.6 - https:\/\/yoast.com\/wordpress\/plugins\/seo\/ -->\n<title>Polityka Prywatno\u015bci - SIENNA Dom Mody \u015alubnej<\/title>\n<meta name=\"robots\" content=\"index, follow, max-snippet:-1, max-image-preview:large, max-video-preview:-1\" \/>\n<link rel=\"canonical\" href=\"https:\/\/sienna14.pl\/index.php\/polityka-prywatnosci\/\" \/>\n<meta property=\"og:locale\" content=\"pl_PL\" \/>\n<meta property=\"og:type\" content=\"article\" \/>\n<meta property=\"og:title\" content=\"Polityka Prywatno\u015bci - SIENNA Dom Mody \u015alubnej\" \/>\n<meta property=\"og:description\" content=\"Polityka wykorzystania plik\u00f3w cookies Co to s\u0105 pliki cookies? Pliki cookies (tzw. &quot;ciasteczka&quot;) stanowi\u0105 dane informatyczne, w szczeg\u00f3lno\u015bci pliki tekstowe, kt\u00f3re przechowywane s\u0105 w urz\u0105dzeniu ko\u0144cowym U\u017cytkownika Serwisu i przeznaczone s\u0105 do korzystania ze stron internetowych Serwisu. Cookies zazwyczaj zawieraj\u0105 nazw\u0119 strony internetowej, z kt\u00f3rej pochodz\u0105, czas przechowywania ich na urz\u0105dzeniu ko\u0144cowym oraz unikalny numer. [&hellip;]\" \/>\n<meta property=\"og:url\" content=\"https:\/\/sienna14.pl\/index.php\/polityka-prywatnosci\/\" \/>\n<meta property=\"og:site_name\" content=\"SIENNA Dom Mody \u015alubnej\" \/>\n<meta property=\"article:modified_time\" content=\"2022-02-15T08:07:55+00:00\" \/>\n<meta name=\"twitter:card\" content=\"summary_large_image\" \/>\n<meta name=\"twitter:label1\" content=\"Szacowany czas czytania\" \/>\n\t<meta name=\"twitter:data1\" content=\"4 minuty\" \/>\n<script type=\"application\/ld+json\" class=\"yoast-schema-graph\">{\"@context\":\"https:\/\/schema.org\",\"@graph\":[{\"@type\":\"WebPage\",\"@id\":\"https:\/\/sienna14.pl\/index.php\/polityka-prywatnosci\/\",\"url\":\"https:\/\/sienna14.pl\/index.php\/polityka-prywatnosci\/\",\"name\":\"Polityka Prywatno\u015bci - SIENNA Dom Mody \u015alubnej\",\"isPartOf\":{\"@id\":\"https:\/\/sienna14.pl\/#website\"},\"datePublished\":\"2021-10-27T10:29:58+00:00\",\"dateModified\":\"2022-02-15T08:07:55+00:00\",\"breadcrumb\":{\"@id\":\"https:\/\/sienna14.pl\/index.php\/polityka-prywatnosci\/#breadcrumb\"},\"inLanguage\":\"pl-PL\",\"potentialAction\":[{\"@type\":\"ReadAction\",\"target\":[\"https:\/\/sienna14.pl\/index.php\/polityka-prywatnosci\/\"]}]},{\"@type\":\"BreadcrumbList\",\"@id\":\"https:\/\/sienna14.pl\/index.php\/polityka-prywatnosci\/#breadcrumb\",\"itemListElement\":[{\"@type\":\"ListItem\",\"position\":1,\"name\":\"Strona g\u0142\u00f3wna\",\"item\":\"https:\/\/sienna14.pl\/\"},{\"@type\":\"ListItem\",\"position\":2,\"name\":\"Polityka Prywatno\u015bci\"}]},{\"@type\":\"WebSite\",\"@id\":\"https:\/\/sienna14.pl\/#website\",\"url\":\"https:\/\/sienna14.pl\/\",\"name\":\"SIENNA Dom Mody \u015alubnej\",\"description\":\"Dom Mody \u015alubnej\",\"potentialAction\":[{\"@type\":\"SearchAction\",\"target\":{\"@type\":\"EntryPoint\",\"urlTemplate\":\"https:\/\/sienna14.pl\/?s={search_term_string}\"},\"query-input\":\"required name=search_term_string\"}],\"inLanguage\":\"pl-PL\"}]}<\/script>\n<!-- \/ Yoast SEO plugin. -->","yoast_head_json":{"title":"Polityka Prywatno\u015bci - SIENNA Dom Mody \u015alubnej","robots":{"index":"index","follow":"follow","max-snippet":"max-snippet:-1","max-image-preview":"max-image-preview:large","max-video-preview":"max-video-preview:-1"},"canonical":"https:\/\/sienna14.pl\/index.php\/polityka-prywatnosci\/","og_locale":"pl_PL","og_type":"article","og_title":"Polityka Prywatno\u015bci - SIENNA Dom Mody \u015alubnej","og_description":"Polityka wykorzystania plik\u00f3w cookies Co to s\u0105 pliki cookies? Pliki cookies (tzw. \"ciasteczka\") stanowi\u0105 dane informatyczne, w szczeg\u00f3lno\u015bci pliki tekstowe, kt\u00f3re przechowywane s\u0105 w urz\u0105dzeniu ko\u0144cowym U\u017cytkownika Serwisu i przeznaczone s\u0105 do korzystania ze stron internetowych Serwisu. Cookies zazwyczaj zawieraj\u0105 nazw\u0119 strony internetowej, z kt\u00f3rej pochodz\u0105, czas przechowywania ich na urz\u0105dzeniu ko\u0144cowym oraz unikalny numer. [&hellip;]","og_url":"https:\/\/sienna14.pl\/index.php\/polityka-prywatnosci\/","og_site_name":"SIENNA Dom Mody \u015alubnej","article_modified_time":"2022-02-15T08:07:55+00:00","twitter_card":"summary_large_image","twitter_misc":{"Szacowany czas czytania":"4 minuty"},"schema":{"@context":"https:\/\/schema.org","@graph":[{"@type":"WebPage","@id":"https:\/\/sienna14.pl\/index.php\/polityka-prywatnosci\/","url":"https:\/\/sienna14.pl\/index.php\/polityka-prywatnosci\/","name":"Polityka Prywatno\u015bci - SIENNA Dom Mody \u015alubnej","isPartOf":{"@id":"https:\/\/sienna14.pl\/#website"},"datePublished":"2021-10-27T10:29:58+00:00","dateModified":"2022-02-15T08:07:55+00:00","breadcrumb":{"@id":"https:\/\/sienna14.pl\/index.php\/polityka-prywatnosci\/#breadcrumb"},"inLanguage":"pl-PL","potentialAction":[{"@type":"ReadAction","target":["https:\/\/sienna14.pl\/index.php\/polityka-prywatnosci\/"]}]},{"@type":"BreadcrumbList","@id":"https:\/\/sienna14.pl\/index.php\/polityka-prywatnosci\/#breadcrumb","itemListElement":[{"@type":"ListItem","position":1,"name":"Strona g\u0142\u00f3wna","item":"https:\/\/sienna14.pl\/"},{"@type":"ListItem","position":2,"name":"Polityka Prywatno\u015bci"}]},{"@type":"WebSite","@id":"https:\/\/sienna14.pl\/#website","url":"https:\/\/sienna14.pl\/","name":"SIENNA Dom Mody \u015alubnej","description":"Dom Mody \u015alubnej","potentialAction":[{"@type":"SearchAction","target":{"@type":"EntryPoint","urlTemplate":"https:\/\/sienna14.pl\/?s={search_term_string}"},"query-input":"required name=search_term_string"}],"inLanguage":"pl-PL"}]}},"_links":{"self":[{"href":"https:\/\/sienna14.pl\/index.php\/wp-json\/wp\/v2\/pages\/547"}],"collection":[{"href":"https:\/\/sienna14.pl\/index.php\/wp-json\/wp\/v2\/pages"}],"about":[{"href":"https:\/\/sienna14.pl\/index.php\/wp-json\/wp\/v2\/types\/page"}],"author":[{"embeddable":true,"href":"https:\/\/sienna14.pl\/index.php\/wp-json\/wp\/v2\/users\/1"}],"replies":[{"embeddable":true,"href":"https:\/\/sienna14.pl\/index.php\/wp-json\/wp\/v2\/comments?post=547"}],"version-history":[{"count":7,"href":"https:\/\/sienna14.pl\/index.php\/wp-json\/wp\/v2\/pages\/547\/revisions"}],"predecessor-version":[{"id":2820,"href":"https:\/\/sienna14.pl\/index.php\/wp-json\/wp\/v2\/pages\/547\/revisions\/2820"}],"wp:attachment":[{"href":"https:\/\/sienna14.pl\/index.php\/wp-json\/wp\/v2\/media?parent=547"}],"curies":[{"name":"wp","href":"https:\/\/api.w.org\/{rel}","templated":true}]}}